{"id":4004,"date":"2024-11-21T11:56:21","date_gmt":"2024-11-21T11:56:21","guid":{"rendered":"https:\/\/www.orangecosta.com\/blog\/turismo-benicassim\/"},"modified":"2024-12-12T08:52:10","modified_gmt":"2024-12-12T08:52:10","slug":"tourisme-benicassim","status":"publish","type":"page","link":"https:\/\/www.orangecosta.com\/blog\/fr\/tourisme-benicassim\/","title":{"rendered":"Tourisme \u00e0 Benicassim : un guide complet pour d\u00e9couvrir le tr\u00e9sor de la Costa Azahar"},"content":{"rendered":"\t\t<div data-elementor-type=\"wp-page\" data-elementor-id=\"4004\" class=\"elementor elementor-4004 elementor-3894\" data-elementor-post-type=\"page\">\n\t\t\t\t\t\t<section class=\"elementor-section elementor-top-section elementor-element elementor-element-4658919 elementor-section-boxed elementor-section-height-default elementor-section-height-default\" data-id=\"4658919\" data-element_type=\"section\" data-e-type=\"section\">\n\t\t\t\t\t\t<div class=\"elementor-container elementor-column-gap-default\">\n\t\t\t\t\t<div class=\"elementor-column elementor-col-100 elementor-top-column elementor-element elementor-element-3e45b73\" data-id=\"3e45b73\" data-element_type=\"column\" data-e-type=\"column\">\n\t\t\t<div class=\"elementor-widget-wrap elementor-element-populated\">\n\t\t\t\t\t\t<div class=\"elementor-element elementor-element-5ecf556 elementor-widget elementor-widget-heading\" data-id=\"5ecf556\" data-element_type=\"widget\" data-e-type=\"widget\" data-widget_type=\"heading.default\">\n\t\t\t\t<div class=\"elementor-widget-container\">\n\t\t\t\t\t<h1 class=\"elementor-heading-title elementor-size-default\">Tourisme \u00e0 Benicassim<\/h1>\t\t\t\t<\/div>\n\t\t\t\t<\/div>\n\t\t\t\t<div class=\"elementor-element elementor-element-ab3c167 elementor-widget elementor-widget-heading\" data-id=\"ab3c167\" data-element_type=\"widget\" data-e-type=\"widget\" data-widget_type=\"heading.default\">\n\t\t\t\t<div class=\"elementor-widget-container\">\n\t\t\t\t\t<h2 class=\"elementor-heading-title elementor-size-default\">Guide complet pour d\u00e9couvrir le tr\u00e9sor de la Costa Azahar<\/h2>\t\t\t\t<\/div>\n\t\t\t\t<\/div>\n\t\t\t\t\t<\/div>\n\t\t<\/div>\n\t\t\t\t\t<\/div>\n\t\t<\/section>\n\t\t\t\t<section class=\"elementor-section elementor-top-section elementor-element elementor-element-721f061 elementor-section-boxed elementor-section-height-default elementor-section-height-default\" data-id=\"721f061\" data-element_type=\"section\" data-e-type=\"section\">\n\t\t\t\t\t\t<div class=\"elementor-container elementor-column-gap-default\">\n\t\t\t\t\t<div class=\"elementor-column elementor-col-50 elementor-top-column elementor-element elementor-element-b23b4ff\" data-id=\"b23b4ff\" data-element_type=\"column\" data-e-type=\"column\">\n\t\t\t<div class=\"elementor-widget-wrap elementor-element-populated\">\n\t\t\t\t\t\t<div class=\"elementor-element elementor-element-29b2118 elementor-widget elementor-widget-text-editor\" data-id=\"29b2118\" data-element_type=\"widget\" data-e-type=\"widget\" data-widget_type=\"text-editor.default\">\n\t\t\t\t<div class=\"elementor-widget-container\">\n\t\t\t\t\t\t\t\t\t<p>Bienvenue \u00e0 Benicassim, une destination qui offre bien plus que le soleil et la plage. Situ\u00e9e au c\u0153ur de la Costa Azahar, Benicassim allie harmonieusement la beaut\u00e9 naturelle de son littoral \u00e0 une riche offre culturelle et de divertissement. De ses c\u00e9l\u00e8bres plages de sable dor\u00e9 \u00e0 ses festivals anim\u00e9s, en passant par ses sentiers de randonn\u00e9e qui offrent des vues \u00e0 couper le souffle, cet endroit a quelque chose de sp\u00e9cial pour chaque visiteur. Dans notre guide complet, nous explorerons chaque recoin de Benicassim, en vous donnant toutes les informations dont vous avez besoin pour rendre votre visite inoubliable. D\u00e9couvrez avec nous pourquoi Benicassim est un joyau touristique, id\u00e9al aussi bien pour les aventuriers que pour ceux qui recherchent une retraite tranquille au bord de la mer.<\/p>\t\t\t\t\t\t\t\t<\/div>\n\t\t\t\t<\/div>\n\t\t\t\t\t<\/div>\n\t\t<\/div>\n\t\t\t\t<div class=\"elementor-column elementor-col-50 elementor-top-column elementor-element elementor-element-512a0e8\" data-id=\"512a0e8\" data-element_type=\"column\" data-e-type=\"column\">\n\t\t\t<div class=\"elementor-widget-wrap elementor-element-populated\">\n\t\t\t\t\t\t<div class=\"elementor-element elementor-element-56d4cb5 elementor-widget elementor-widget-image\" data-id=\"56d4cb5\" data-element_type=\"widget\" data-e-type=\"widget\" data-widget_type=\"image.default\">\n\t\t\t\t<div class=\"elementor-widget-container\">\n\t\t\t\t\t\t\t\t\t\t\t\t\t\t\t<img fetchpriority=\"high\" decoding=\"async\" width=\"1920\" height=\"720\" src=\"https:\/\/www.orangecosta.com\/blog\/wp-content\/uploads\/2024\/08\/Playa-almadraba-benicassim.jpg\" class=\"attachment-full size-full wp-image-3459\" alt=\"Playa-almadraba-benicassim\" srcset=\"https:\/\/www.orangecosta.com\/blog\/wp-content\/uploads\/2024\/08\/Playa-almadraba-benicassim.jpg 1920w, https:\/\/www.orangecosta.com\/blog\/wp-content\/uploads\/2024\/08\/Playa-almadraba-benicassim-768x288.jpg 768w, https:\/\/www.orangecosta.com\/blog\/wp-content\/uploads\/2024\/08\/Playa-almadraba-benicassim-1536x576.jpg 1536w\" sizes=\"(max-width: 1920px) 100vw, 1920px\" \/>\t\t\t\t\t\t\t\t\t\t\t\t\t\t\t<\/div>\n\t\t\t\t<\/div>\n\t\t\t\t\t<\/div>\n\t\t<\/div>\n\t\t\t\t\t<\/div>\n\t\t<\/section>\n\t\t\t\t<section class=\"elementor-section elementor-top-section elementor-element elementor-element-741b6a1 elementor-section-boxed elementor-section-height-default elementor-section-height-default\" data-id=\"741b6a1\" data-element_type=\"section\" data-e-type=\"section\">\n\t\t\t\t\t\t<div class=\"elementor-container elementor-column-gap-default\">\n\t\t\t\t\t<div class=\"elementor-column elementor-col-100 elementor-top-column elementor-element elementor-element-fc6c48b\" data-id=\"fc6c48b\" data-element_type=\"column\" data-e-type=\"column\">\n\t\t\t<div class=\"elementor-widget-wrap elementor-element-populated\">\n\t\t\t\t\t\t<div class=\"elementor-element elementor-element-58c3e27 elementor-widget-divider--view-line elementor-widget elementor-widget-divider\" data-id=\"58c3e27\" data-element_type=\"widget\" data-e-type=\"widget\" data-widget_type=\"divider.default\">\n\t\t\t\t<div class=\"elementor-widget-container\">\n\t\t\t\t\t\t\t<div class=\"elementor-divider\">\n\t\t\t<span class=\"elementor-divider-separator\">\n\t\t\t\t\t\t<\/span>\n\t\t<\/div>\n\t\t\t\t\t\t<\/div>\n\t\t\t\t<\/div>\n\t\t\t\t<div class=\"elementor-element elementor-element-8ed008f elementor-widget elementor-widget-heading\" data-id=\"8ed008f\" data-element_type=\"widget\" data-e-type=\"widget\" data-widget_type=\"heading.default\">\n\t\t\t\t<div class=\"elementor-widget-container\">\n\t\t\t\t\t<h2 class=\"elementor-heading-title elementor-size-default\">Plages et nature<\/h2>\t\t\t\t<\/div>\n\t\t\t\t<\/div>\n\t\t\t\t\t<\/div>\n\t\t<\/div>\n\t\t\t\t\t<\/div>\n\t\t<\/section>\n\t\t\t\t<section class=\"elementor-section elementor-top-section elementor-element elementor-element-8fa89af elementor-section-boxed elementor-section-height-default elementor-section-height-default\" data-id=\"8fa89af\" data-element_type=\"section\" data-e-type=\"section\">\n\t\t\t\t\t\t<div class=\"elementor-container elementor-column-gap-default\">\n\t\t\t\t\t<div class=\"elementor-column elementor-col-100 elementor-top-column elementor-element elementor-element-59139e7\" data-id=\"59139e7\" data-element_type=\"column\" data-e-type=\"column\">\n\t\t\t<div class=\"elementor-widget-wrap elementor-element-populated\">\n\t\t\t\t\t\t<div class=\"elementor-element elementor-element-771e9b4 elementor-widget-divider--view-line elementor-widget elementor-widget-divider\" data-id=\"771e9b4\" data-element_type=\"widget\" data-e-type=\"widget\" data-widget_type=\"divider.default\">\n\t\t\t\t<div class=\"elementor-widget-container\">\n\t\t\t\t\t\t\t<div class=\"elementor-divider\">\n\t\t\t<span class=\"elementor-divider-separator\">\n\t\t\t\t\t\t<\/span>\n\t\t<\/div>\n\t\t\t\t\t\t<\/div>\n\t\t\t\t<\/div>\n\t\t\t\t<div class=\"elementor-element elementor-element-5cdbb8e elementor-widget elementor-widget-heading\" data-id=\"5cdbb8e\" data-element_type=\"widget\" data-e-type=\"widget\" data-widget_type=\"heading.default\">\n\t\t\t\t<div class=\"elementor-widget-container\">\n\t\t\t\t\t<h2 class=\"elementor-heading-title elementor-size-default\">\u00c9v\u00e9nements et culture<\/h2>\t\t\t\t<\/div>\n\t\t\t\t<\/div>\n\t\t\t\t\t<\/div>\n\t\t<\/div>\n\t\t\t\t\t<\/div>\n\t\t<\/section>\n\t\t\t\t<section class=\"elementor-section elementor-top-section elementor-element elementor-element-3ab3acf elementor-section-boxed elementor-section-height-default elementor-section-height-default\" data-id=\"3ab3acf\" data-element_type=\"section\" data-e-type=\"section\">\n\t\t\t\t\t\t<div class=\"elementor-container elementor-column-gap-default\">\n\t\t\t\t\t<div class=\"elementor-column elementor-col-100 elementor-top-column elementor-element elementor-element-b11bc62\" data-id=\"b11bc62\" data-element_type=\"column\" data-e-type=\"column\">\n\t\t\t<div class=\"elementor-widget-wrap elementor-element-populated\">\n\t\t\t\t\t\t<div class=\"elementor-element elementor-element-a6b9065 elementor-widget-divider--view-line elementor-widget elementor-widget-divider\" data-id=\"a6b9065\" data-element_type=\"widget\" data-e-type=\"widget\" data-widget_type=\"divider.default\">\n\t\t\t\t<div class=\"elementor-widget-container\">\n\t\t\t\t\t\t\t<div class=\"elementor-divider\">\n\t\t\t<span class=\"elementor-divider-separator\">\n\t\t\t\t\t\t<\/span>\n\t\t<\/div>\n\t\t\t\t\t\t<\/div>\n\t\t\t\t<\/div>\n\t\t\t\t<div class=\"elementor-element elementor-element-ca1b2bb elementor-widget elementor-widget-heading\" data-id=\"ca1b2bb\" data-element_type=\"widget\" data-e-type=\"widget\" data-widget_type=\"heading.default\">\n\t\t\t\t<div class=\"elementor-widget-container\">\n\t\t\t\t\t<h2 class=\"elementor-heading-title elementor-size-default\">Activit\u00e9s et aventures<\/h2>\t\t\t\t<\/div>\n\t\t\t\t<\/div>\n\t\t\t\t\t<\/div>\n\t\t<\/div>\n\t\t\t\t\t<\/div>\n\t\t<\/section>\n\t\t\t\t<section class=\"elementor-section elementor-top-section elementor-element elementor-element-4ace273 elementor-section-boxed elementor-section-height-default elementor-section-height-default\" data-id=\"4ace273\" data-element_type=\"section\" data-e-type=\"section\">\n\t\t\t\t\t\t<div class=\"elementor-container elementor-column-gap-default\">\n\t\t\t\t\t<div class=\"elementor-column elementor-col-100 elementor-top-column elementor-element elementor-element-7b5964f\" data-id=\"7b5964f\" data-element_type=\"column\" data-e-type=\"column\">\n\t\t\t<div class=\"elementor-widget-wrap elementor-element-populated\">\n\t\t\t\t\t\t<div class=\"elementor-element elementor-element-a9e6b93 elementor-widget-divider--view-line elementor-widget elementor-widget-divider\" data-id=\"a9e6b93\" data-element_type=\"widget\" data-e-type=\"widget\" data-widget_type=\"divider.default\">\n\t\t\t\t<div class=\"elementor-widget-container\">\n\t\t\t\t\t\t\t<div class=\"elementor-divider\">\n\t\t\t<span class=\"elementor-divider-separator\">\n\t\t\t\t\t\t<\/span>\n\t\t<\/div>\n\t\t\t\t\t\t<\/div>\n\t\t\t\t<\/div>\n\t\t\t\t<div class=\"elementor-element elementor-element-0822b3b elementor-widget elementor-widget-heading\" data-id=\"0822b3b\" data-element_type=\"widget\" data-e-type=\"widget\" data-widget_type=\"heading.default\">\n\t\t\t\t<div class=\"elementor-widget-container\">\n\t\t\t\t\t<h2 class=\"elementor-heading-title elementor-size-default\">Gastronomie et h\u00e9bergement<\/h2>\t\t\t\t<\/div>\n\t\t\t\t<\/div>\n\t\t\t\t\t<\/div>\n\t\t<\/div>\n\t\t\t\t\t<\/div>\n\t\t<\/section>\n\t\t\t\t<\/div>\n\t\t","protected":false},"excerpt":{"rendered":"<p>Tourisme \u00e0 Benicassim Guide complet pour d\u00e9couvrir le tr\u00e9sor de la Costa Azahar Bienvenue \u00e0 Benicassim, une destination qui offre&#8230;<\/p>\n","protected":false},"author":3,"featured_media":3459,"parent":0,"menu_order":0,"comment_status":"closed","ping_status":"closed","template":"elementor_header_footer","meta":{"footnotes":""},"class_list":["post-4004","page","type-page","status-publish","has-post-thumbnail","hentry"],"yoast_head":"<!-- This site is optimized with the Yoast SEO plugin v27.5 - https:\/\/yoast.com\/product\/yoast-seo-wordpress\/ -->\n<title>Tourisme \u00e0 Benicassim - D\u00e9couvrez la Costa Azahar<\/title>\n<meta name=\"description\" content=\"Plongez au c\u0153ur de Benicassim gr\u00e2ce \u00e0 notre guide de voyage. Poursuivez votre lecture pour faire de votre voyage une exp\u00e9rience inoubliable.\" \/>\n<meta name=\"robots\" content=\"index, follow, max-snippet:-1, max-image-preview:large, max-video-preview:-1\" \/>\n<link rel=\"canonical\" href=\"https:\/\/www.orangecosta.com\/blog\/fr\/tourisme-benicassim\/\" \/>\n<meta property=\"og:locale\" content=\"fr_FR\" \/>\n<meta property=\"og:type\" content=\"article\" \/>\n<meta property=\"og:title\" content=\"Tourisme \u00e0 Benicassim - D\u00e9couvrez la Costa Azahar\" \/>\n<meta property=\"og:description\" content=\"Plongez au c\u0153ur de Benicassim gr\u00e2ce \u00e0 notre guide de voyage. Poursuivez votre lecture pour faire de votre voyage une exp\u00e9rience inoubliable.\" \/>\n<meta property=\"og:url\" content=\"https:\/\/www.orangecosta.com\/blog\/fr\/tourisme-benicassim\/\" \/>\n<meta property=\"og:site_name\" content=\"Blog turismo Orange Costa\" \/>\n<meta property=\"article:modified_time\" content=\"2024-12-12T08:52:10+00:00\" \/>\n<meta property=\"og:image\" content=\"https:\/\/www.orangecosta.com\/blog\/wp-content\/uploads\/2024\/08\/Playa-almadraba-benicassim.jpg\" \/>\n\t<meta property=\"og:image:width\" content=\"1920\" \/>\n\t<meta property=\"og:image:height\" content=\"720\" \/>\n\t<meta property=\"og:image:type\" content=\"image\/jpeg\" \/>\n<meta name=\"twitter:card\" content=\"summary_large_image\" \/>\n<meta name=\"twitter:label1\" content=\"Dur\u00e9e de lecture estim\u00e9e\" \/>\n\t<meta name=\"twitter:data1\" content=\"6 minutes\" \/>\n<script type=\"application\/ld+json\" class=\"yoast-schema-graph\">{\"@context\":\"https:\\\/\\\/schema.org\",\"@graph\":[{\"@type\":\"WebPage\",\"@id\":\"https:\\\/\\\/www.orangecosta.com\\\/blog\\\/fr\\\/tourisme-benicassim\\\/\",\"url\":\"https:\\\/\\\/www.orangecosta.com\\\/blog\\\/fr\\\/tourisme-benicassim\\\/\",\"name\":\"Tourisme \u00e0 Benicassim - D\u00e9couvrez la Costa Azahar\",\"isPartOf\":{\"@id\":\"https:\\\/\\\/www.orangecosta.com\\\/blog\\\/fr\\\/#website\"},\"primaryImageOfPage\":{\"@id\":\"https:\\\/\\\/www.orangecosta.com\\\/blog\\\/fr\\\/tourisme-benicassim\\\/#primaryimage\"},\"image\":{\"@id\":\"https:\\\/\\\/www.orangecosta.com\\\/blog\\\/fr\\\/tourisme-benicassim\\\/#primaryimage\"},\"thumbnailUrl\":\"https:\\\/\\\/www.orangecosta.com\\\/blog\\\/wp-content\\\/uploads\\\/2024\\\/08\\\/Playa-almadraba-benicassim.jpg\",\"datePublished\":\"2024-11-21T11:56:21+00:00\",\"dateModified\":\"2024-12-12T08:52:10+00:00\",\"description\":\"Plongez au c\u0153ur de Benicassim gr\u00e2ce \u00e0 notre guide de voyage. Poursuivez votre lecture pour faire de votre voyage une exp\u00e9rience inoubliable.\",\"breadcrumb\":{\"@id\":\"https:\\\/\\\/www.orangecosta.com\\\/blog\\\/fr\\\/tourisme-benicassim\\\/#breadcrumb\"},\"inLanguage\":\"fr-FR\",\"potentialAction\":[{\"@type\":\"ReadAction\",\"target\":[\"https:\\\/\\\/www.orangecosta.com\\\/blog\\\/fr\\\/tourisme-benicassim\\\/\"]}]},{\"@type\":\"ImageObject\",\"inLanguage\":\"fr-FR\",\"@id\":\"https:\\\/\\\/www.orangecosta.com\\\/blog\\\/fr\\\/tourisme-benicassim\\\/#primaryimage\",\"url\":\"https:\\\/\\\/www.orangecosta.com\\\/blog\\\/wp-content\\\/uploads\\\/2024\\\/08\\\/Playa-almadraba-benicassim.jpg\",\"contentUrl\":\"https:\\\/\\\/www.orangecosta.com\\\/blog\\\/wp-content\\\/uploads\\\/2024\\\/08\\\/Playa-almadraba-benicassim.jpg\",\"width\":1920,\"height\":720,\"caption\":\"Playa-almadraba-benicassim\"},{\"@type\":\"BreadcrumbList\",\"@id\":\"https:\\\/\\\/www.orangecosta.com\\\/blog\\\/fr\\\/tourisme-benicassim\\\/#breadcrumb\",\"itemListElement\":[{\"@type\":\"ListItem\",\"position\":1,\"name\":\"Home\",\"item\":\"https:\\\/\\\/www.orangecosta.com\\\/blog\\\/fr\\\/\"},{\"@type\":\"ListItem\",\"position\":2,\"name\":\"Tourisme \u00e0 Benicassim : un guide complet pour d\u00e9couvrir le tr\u00e9sor de la Costa Azahar\"}]},{\"@type\":\"WebSite\",\"@id\":\"https:\\\/\\\/www.orangecosta.com\\\/blog\\\/fr\\\/#website\",\"url\":\"https:\\\/\\\/www.orangecosta.com\\\/blog\\\/fr\\\/\",\"name\":\"Blog turismo Orange Costa\",\"description\":\"Orangecosta\",\"potentialAction\":[{\"@type\":\"SearchAction\",\"target\":{\"@type\":\"EntryPoint\",\"urlTemplate\":\"https:\\\/\\\/www.orangecosta.com\\\/blog\\\/fr\\\/?s={search_term_string}\"},\"query-input\":{\"@type\":\"PropertyValueSpecification\",\"valueRequired\":true,\"valueName\":\"search_term_string\"}}],\"inLanguage\":\"fr-FR\"}]}<\/script>\n<!-- \/ Yoast SEO plugin. -->","yoast_head_json":{"title":"Tourisme \u00e0 Benicassim - D\u00e9couvrez la Costa Azahar","description":"Plongez au c\u0153ur de Benicassim gr\u00e2ce \u00e0 notre guide de voyage. Poursuivez votre lecture pour faire de votre voyage une exp\u00e9rience inoubliable.","robots":{"index":"index","follow":"follow","max-snippet":"max-snippet:-1","max-image-preview":"max-image-preview:large","max-video-preview":"max-video-preview:-1"},"canonical":"https:\/\/www.orangecosta.com\/blog\/fr\/tourisme-benicassim\/","og_locale":"fr_FR","og_type":"article","og_title":"Tourisme \u00e0 Benicassim - D\u00e9couvrez la Costa Azahar","og_description":"Plongez au c\u0153ur de Benicassim gr\u00e2ce \u00e0 notre guide de voyage. Poursuivez votre lecture pour faire de votre voyage une exp\u00e9rience inoubliable.","og_url":"https:\/\/www.orangecosta.com\/blog\/fr\/tourisme-benicassim\/","og_site_name":"Blog turismo Orange Costa","article_modified_time":"2024-12-12T08:52:10+00:00","og_image":[{"width":1920,"height":720,"url":"https:\/\/www.orangecosta.com\/blog\/wp-content\/uploads\/2024\/08\/Playa-almadraba-benicassim.jpg","type":"image\/jpeg"}],"twitter_card":"summary_large_image","twitter_misc":{"Dur\u00e9e de lecture estim\u00e9e":"6 minutes"},"schema":{"@context":"https:\/\/schema.org","@graph":[{"@type":"WebPage","@id":"https:\/\/www.orangecosta.com\/blog\/fr\/tourisme-benicassim\/","url":"https:\/\/www.orangecosta.com\/blog\/fr\/tourisme-benicassim\/","name":"Tourisme \u00e0 Benicassim - D\u00e9couvrez la Costa Azahar","isPartOf":{"@id":"https:\/\/www.orangecosta.com\/blog\/fr\/#website"},"primaryImageOfPage":{"@id":"https:\/\/www.orangecosta.com\/blog\/fr\/tourisme-benicassim\/#primaryimage"},"image":{"@id":"https:\/\/www.orangecosta.com\/blog\/fr\/tourisme-benicassim\/#primaryimage"},"thumbnailUrl":"https:\/\/www.orangecosta.com\/blog\/wp-content\/uploads\/2024\/08\/Playa-almadraba-benicassim.jpg","datePublished":"2024-11-21T11:56:21+00:00","dateModified":"2024-12-12T08:52:10+00:00","description":"Plongez au c\u0153ur de Benicassim gr\u00e2ce \u00e0 notre guide de voyage. Poursuivez votre lecture pour faire de votre voyage une exp\u00e9rience inoubliable.","breadcrumb":{"@id":"https:\/\/www.orangecosta.com\/blog\/fr\/tourisme-benicassim\/#breadcrumb"},"inLanguage":"fr-FR","potentialAction":[{"@type":"ReadAction","target":["https:\/\/www.orangecosta.com\/blog\/fr\/tourisme-benicassim\/"]}]},{"@type":"ImageObject","inLanguage":"fr-FR","@id":"https:\/\/www.orangecosta.com\/blog\/fr\/tourisme-benicassim\/#primaryimage","url":"https:\/\/www.orangecosta.com\/blog\/wp-content\/uploads\/2024\/08\/Playa-almadraba-benicassim.jpg","contentUrl":"https:\/\/www.orangecosta.com\/blog\/wp-content\/uploads\/2024\/08\/Playa-almadraba-benicassim.jpg","width":1920,"height":720,"caption":"Playa-almadraba-benicassim"},{"@type":"BreadcrumbList","@id":"https:\/\/www.orangecosta.com\/blog\/fr\/tourisme-benicassim\/#breadcrumb","itemListElement":[{"@type":"ListItem","position":1,"name":"Home","item":"https:\/\/www.orangecosta.com\/blog\/fr\/"},{"@type":"ListItem","position":2,"name":"Tourisme \u00e0 Benicassim : un guide complet pour d\u00e9couvrir le tr\u00e9sor de la Costa Azahar"}]},{"@type":"WebSite","@id":"https:\/\/www.orangecosta.com\/blog\/fr\/#website","url":"https:\/\/www.orangecosta.com\/blog\/fr\/","name":"Blog turismo Orange Costa","description":"Orangecosta","potentialAction":[{"@type":"SearchAction","target":{"@type":"EntryPoint","urlTemplate":"https:\/\/www.orangecosta.com\/blog\/fr\/?s={search_term_string}"},"query-input":{"@type":"PropertyValueSpecification","valueRequired":true,"valueName":"search_term_string"}}],"inLanguage":"fr-FR"}]}},"_links":{"self":[{"href":"https:\/\/www.orangecosta.com\/blog\/fr\/wp-json\/wp\/v2\/pages\/4004","targetHints":{"allow":["GET"]}}],"collection":[{"href":"https:\/\/www.orangecosta.com\/blog\/fr\/wp-json\/wp\/v2\/pages"}],"about":[{"href":"https:\/\/www.orangecosta.com\/blog\/fr\/wp-json\/wp\/v2\/types\/page"}],"author":[{"embeddable":true,"href":"https:\/\/www.orangecosta.com\/blog\/fr\/wp-json\/wp\/v2\/users\/3"}],"replies":[{"embeddable":true,"href":"https:\/\/www.orangecosta.com\/blog\/fr\/wp-json\/wp\/v2\/comments?post=4004"}],"version-history":[{"count":4,"href":"https:\/\/www.orangecosta.com\/blog\/fr\/wp-json\/wp\/v2\/pages\/4004\/revisions"}],"predecessor-version":[{"id":4021,"href":"https:\/\/www.orangecosta.com\/blog\/fr\/wp-json\/wp\/v2\/pages\/4004\/revisions\/4021"}],"wp:featuredmedia":[{"embeddable":true,"href":"https:\/\/www.orangecosta.com\/blog\/fr\/wp-json\/wp\/v2\/media\/3459"}],"wp:attachment":[{"href":"https:\/\/www.orangecosta.com\/blog\/fr\/wp-json\/wp\/v2\/media?parent=4004"}],"curies":[{"name":"wp","href":"https:\/\/api.w.org\/{rel}","templated":true}]}}